
{"id":478,"date":"2024-07-29T08:30:44","date_gmt":"2024-07-29T06:30:44","guid":{"rendered":"https:\/\/baumaschinen-puntigam.rkp-marketing.at\/?page_id=478"},"modified":"2025-02-04T09:11:28","modified_gmt":"2025-02-04T08:11:28","slug":"odtis","status":"publish","type":"page","link":"https:\/\/baumaschinen-puntigam.at\/sl\/impressum\/","title":{"rendered":"odtis"},"content":{"rendered":"<h1 class=\"wp-block-heading\">odtis<\/h1>\n\n\n<div class=\"wp-bootstrap-blocks-row row\">\n\t\n\n<div class=\"col-12 col-md-6\">\n\t\t\t\n\n<div class=\"addr\" data-no-auto-translation=\"\"><a href=\"https:\/\/maps.app.goo.gl\/183VobUwp6L353JV6\" target=\"_blank\">Salsach 28, A-8483 Deutsch Goritz<\/a><\/div>\n\n\n\n<div class=\"tel\"><a href=\"tel: +43347470517\" title=\"+43 (0)3474 70517\" >+43 (0)3474 70517<\/a><\/div>\n\n\n\n<div class=\"mail\"><a href=\"mailto:office@baumaschinen-puntigam.at\" title=\"office@baumaschinen-puntigam.at\" class=\"\">office@baumaschinen-puntigam.at<\/a><\/div>\n\n\n\n<p>Mobilni telefon: +43 664 11 38 277 (Peter Puntigam)<br>Mobilni telefon: +43 664 85 99 738 (Markus Stradner)<\/p>\n\n\n\n<p>Mati\u010dna \u0161tevilka podjetja: FN 299463 m<br>UID \u0161t.: ATU63633189<br>Gospodarsko sodi\u0161\u010de: De\u017eelno sodi\u0161\u010de za ZRS Gradec<br>Organ po EKG: Okrajna uprava jugovzhodne \u0160tajerske<\/p>\n\n\n\n<p>Generalni direktor:<br>Peter Puntigam<\/p>\n\n\t<\/div>\n\n\n\n<div class=\"col-12 col-md-6\">\n\t\t\t\n\n<p><strong>zasnova, oblikovanje in izvedba<\/strong><\/p>\n\n\n\n<p><a href=\"http:\/\/www.rkp.at\/rkp-marketing\">RKP Marketing GmbH<br><\/a>Schildbach 210<br>A-8230 Hartberg<\/p>\n\n\n\n<p><strong>Zasluge za fotografije in avtorske pravice<\/strong><\/p>\n\n\n\n<p>Vse slike so last Baumaschinen Puntigam ali RKP Marketing GmbH z izrecnimi pravicami uporabe za Baumaschinen Puntigam<\/p>\n\n\t<\/div>\n\n<\/div>\n\n\n\n<h3 class=\"wp-block-heading mt-4\"><strong>Zavrnitev odgovornosti<\/strong><\/h3>\n\n\n\n<p><strong>1. Vsebina spletne ponudbe<\/strong><\/p>\n\n\n\n<p>Avtor ne prevzema nobene odgovornosti za aktualnost, pravilnost, popolnost ali kakovost navedenih informacij. Od\u0161kodninski zahtevki zoper avtorja, ki se nana\u0161ajo na materialno ali nematerialno \u0161kodo, povzro\u010deno z uporabo ali neuporabo posredovanih informacij ali z uporabo nepravilnih in nepopolnih informacij, so na\u010deloma izklju\u010deni, razen \u010de se lahko doka\u017ee, da je avtor ravnal namerno ali iz hude malomarnosti.<\/p>\n\n\n\n<p>Vse ponudbe so neobvezujo\u010de in se lahko spremenijo. Avtor si izrecno pridr\u017euje pravico do spremembe, dodajanja ali brisanja delov strani ali celotne ponudbe brez predhodnega obvestila ali do za\u010dasne ali trajne prekinitve objave.<\/p>\n\n\n\n<p><strong>2. Reference in povezave<\/strong><\/p>\n\n\n\n<p>V primeru neposrednega ali posrednega sklicevanja na zunanja spletna mesta (\u00bbpovezave\u00ab), ki so izven podro\u010dja odgovornosti avtorja, bi obveznost odgovornosti nastopila le, \u010de bi avtor poznal vsebino in bi bilo to tehni\u010dno mogo\u010de in razumno, da to stori, da prepre\u010di uporabo v primeru nezakonite vsebine.<br>Avtor s tem izrecno izjavlja, da v \u010dasu, ko so bile povezave ustvarjene, na povezanih straneh ni bilo nezakonite vsebine. Avtor nima nikakr\u0161nega vpliva na sedanji in prihodnji dizajn ter na vsebino povezanih strani. Zato se s tem izrecno distancira od vseh vsebin vseh povezanih strani, ki so bile po postavitvi povezave spremenjene. Ta izjava velja za vse povezave in reference, postavljene na avtorjevem lastnem spletnem mestu, kot tudi za vnose tretjih oseb v knjigah gostov, na forumih za razprave in na po\u0161tnih seznamih, ki jih vzpostavi avtor. Za nezakonite, nepravilne ali nepopolne vsebine in \u0161e posebej za \u0161kodo, nastalo zaradi uporabe ali neuporabe teh informacij, odgovarja izklju\u010dno ponudnik strani, na katero se sklicuje, in ne oseba, ki se na zadevno objavo zgolj sklicuje preko povezav. .<\/p>\n\n\n\n<p><strong>3. Zakon o avtorskih pravicah in blagovnih znamkah<\/strong><\/p>\n\n\n\n<p>Avtor si prizadeva spo\u0161tovati avtorske pravice grafik, zvo\u010dnih dokumentov, video sekvenc in besedil, uporabljenih v vseh publikacijah, uporabljati grafike, zvo\u010dne dokumente, video sekvence in besedila, ki jih je ustvaril sam ali uporabljati nelicencirano grafiko, zvo\u010dne dokumente, video sekvence. in besedila.<br>Za vse blagovne znamke in blagovne znamke, omenjene na spletnem mestu in morebiti za\u0161\u010ditene s strani tretjih oseb, veljajo brez omejitev dolo\u010dbe veljavne zakonodaje o blagovnih znamkah in lastninske pravice zadevnih registriranih lastnikov. Sama omemba blagovne znamke ne pomeni, da ni za\u0161\u010ditena s pravicami tretjih oseb!<br>Avtorske pravice za objavljene predmete, ki jih ustvari avtor, ostanejo izklju\u010dno avtorju strani. Kakr\u0161na koli reprodukcija ali uporaba takih grafik, zvo\u010dnih dokumentov, video sekvenc in besedil v drugih elektronskih ali tiskanih publikacijah ni dovoljena brez izrecnega soglasja avtorja.<\/p>\n\n\n\n<p><strong>4. Pravna veljavnost te izjave o omejitvi odgovornosti<\/strong><\/p>\n\n\n\n<p>To izjavo o omejitvi odgovornosti je treba obravnavati kot del internetne ponudbe, iz katere je pri\u0161lo do sklicevanja na to stran. \u010ce deli ali posamezne formulacije tega besedila ne ustrezajo, ne ustrezajo ve\u010d ali popolnoma ne ustrezajo veljavnemu pravnemu polo\u017eaju, ostanejo preostali deli dokumenta vsebinsko in veljavno nespremenjeni.<\/p>","protected":false},"excerpt":{"rendered":"<p>Izjava o omejitvi odgovornosti 1. vsebina spletne ponudbe Avtor ne prevzema nobene odgovornosti za aktualnost, pravilnost, popolnost ali kakovost posredovanih informacij. Zahtevki iz naslova odgovornosti do avtorja v zvezi z materialno ali nematerialno \u0161kodo, povzro\u010deno z uporabo ali neuporabo posredovanih informacij ali z uporabo nepravilnih ali nepopolnih informacij, so v osnovi izklju\u010deni.<\/p>","protected":false},"author":1,"featured_media":0,"parent":0,"menu_order":0,"comment_status":"closed","ping_status":"closed","template":"","meta":{"_acf_changed":false,"footnotes":""},"class_list":["post-478","page","type-page","status-publish","hentry"],"acf":[],"_links":{"self":[{"href":"https:\/\/baumaschinen-puntigam.at\/sl\/wp-json\/wp\/v2\/pages\/478","targetHints":{"allow":["GET"]}}],"collection":[{"href":"https:\/\/baumaschinen-puntigam.at\/sl\/wp-json\/wp\/v2\/pages"}],"about":[{"href":"https:\/\/baumaschinen-puntigam.at\/sl\/wp-json\/wp\/v2\/types\/page"}],"author":[{"embeddable":true,"href":"https:\/\/baumaschinen-puntigam.at\/sl\/wp-json\/wp\/v2\/users\/1"}],"replies":[{"embeddable":true,"href":"https:\/\/baumaschinen-puntigam.at\/sl\/wp-json\/wp\/v2\/comments?post=478"}],"version-history":[{"count":0,"href":"https:\/\/baumaschinen-puntigam.at\/sl\/wp-json\/wp\/v2\/pages\/478\/revisions"}],"wp:attachment":[{"href":"https:\/\/baumaschinen-puntigam.at\/sl\/wp-json\/wp\/v2\/media?parent=478"}],"curies":[{"name":"wp","href":"https:\/\/api.w.org\/{rel}","templated":true}]}}