
{"id":478,"date":"2024-07-29T08:30:44","date_gmt":"2024-07-29T06:30:44","guid":{"rendered":"https:\/\/baumaschinen-puntigam.rkp-marketing.at\/?page_id=478"},"modified":"2025-02-04T09:11:28","modified_gmt":"2025-02-04T08:11:28","slug":"impresszum","status":"publish","type":"page","link":"https:\/\/baumaschinen-puntigam.at\/hu\/impressum\/","title":{"rendered":"impresszum"},"content":{"rendered":"<h1 class=\"wp-block-heading\">impresszum<\/h1>\n\n\n<div class=\"wp-bootstrap-blocks-row row\">\n\t\n\n<div class=\"col-12 col-md-6\">\n\t\t\t\n\n<div class=\"addr\" data-no-auto-translation=\"\"><a href=\"https:\/\/maps.app.goo.gl\/183VobUwp6L353JV6\" target=\"_blank\">Salsach 28, A-8483 Deutsch Goritz<\/a><\/div>\n\n\n\n<div class=\"tel\"><a href=\"tel:+43347470517\" title=\"+43 (0)3474 70517\" >+43 (0)3474 70517<\/a><\/div>\n\n\n\n<div class=\"mail\"><a href=\"mailto:office@baumaschinen-puntigam.at\" title=\"office@baumaschinen-puntigam.at\" class=\"\">office@baumaschinen-puntigam.at<\/a><\/div>\n\n\n\n<p>Mobil: +43 664 11 38 277 (Peter Puntigam)<br>Mobil: +43 664 85 99 738 (Markus Stradner)<\/p>\n\n\n\n<p>C\u00e9gjegyz\u00e9ksz\u00e1m: FN 299463 m<br>UID sz\u00e1m: ATU63633189<br>Kereskedelmi B\u00edr\u00f3s\u00e1g: ZRS Graz region\u00e1lis b\u00edr\u00f3s\u00e1ga<br>EKG szerinti hat\u00f3s\u00e1g: D\u00e9lkelet-St\u00e1jerorsz\u00e1g k\u00f6rzeti igazgat\u00e1sa<\/p>\n\n\n\n<p>\u00dcgyvezet\u0151 igazgat\u00f3:<br>Peter Puntigam<\/p>\n\n\t<\/div>\n\n\n\n<div class=\"col-12 col-md-6\">\n\t\t\t\n\n<p><strong>koncepci\u00f3, tervez\u00e9s \u00e9s kivitelez\u00e9s<\/strong><\/p>\n\n\n\n<p><a href=\"http:\/\/www.rkp.at\/rkp-marketing\">RKP Marketing GmbH<br><\/a>Schildbach 210<br>A-8230 Hartberg<\/p>\n\n\n\n<p><strong>Fot\u00f3 szerz\u0151i \u00e9s szerz\u0151i jog<\/strong><\/p>\n\n\n\n<p>Minden k\u00e9p a Baumaschinen Puntigam vagy az RKP Marketing GmbH tulajdona, a Baumaschinen Puntigam kifejezett haszn\u00e1lati jog\u00e1val<\/p>\n\n\t<\/div>\n\n<\/div>\n\n\n\n<h3 class=\"wp-block-heading mt-4\"><strong>Jogi nyilatkozat<\/strong><\/h3>\n\n\n\n<p><strong>1. Az online aj\u00e1nlat tartalma<\/strong><\/p>\n\n\n\n<p>A szerz\u0151 nem v\u00e1llal felel\u0151ss\u00e9get a k\u00f6z\u00f6lt inform\u00e1ci\u00f3k aktualit\u00e1s\u00e1\u00e9rt, helyess\u00e9g\u00e9\u00e9rt, teljess\u00e9g\u00e9\u00e9rt vagy min\u0151s\u00e9g\u00e9\u00e9rt. Alapvet\u0151en kiz\u00e1rt a szerz\u0151vel szembeni olyan felel\u0151ss\u00e9gi ig\u00e9ny, amely a k\u00f6z\u00f6lt inform\u00e1ci\u00f3 felhaszn\u00e1l\u00e1s\u00e1b\u00f3l vagy fel nem haszn\u00e1l\u00e1s\u00e1b\u00f3l, illetve t\u00e9ves \u00e9s hi\u00e1nyos inform\u00e1ci\u00f3 felhaszn\u00e1l\u00e1s\u00e1b\u00f3l ered\u0151 vagyoni vagy immateri\u00e1lis jelleg\u0171 k\u00e1rokra vonatkozik, kiv\u00e9ve, ha a szerz\u0151 bizony\u00edthat\u00f3 sz\u00e1nd\u00e9kosan vagy s\u00falyos gondatlans\u00e1gb\u00f3l cselekedett.<\/p>\n\n\n\n<p>Minden aj\u00e1nlat v\u00e1ltozhat \u00e9s nem k\u00f6telez\u0151 \u00e9rv\u00e9ny\u0171. A szerz\u0151 kifejezetten fenntartja a jogot, hogy el\u0151zetes \u00e9rtes\u00edt\u00e9s n\u00e9lk\u00fcl megv\u00e1ltoztassa, kieg\u00e9sz\u00edtse vagy t\u00f6r\u00f6lje az oldalak egyes r\u00e9szeit vagy a teljes aj\u00e1nlatot, vagy ideiglenesen vagy v\u00e9glegesen besz\u00fcntesse a k\u00f6zz\u00e9t\u00e9telt.<\/p>\n\n\n\n<p><strong>2. Hivatkoz\u00e1sok \u00e9s linkek<\/strong><\/p>\n\n\n\n<p>A szerz\u0151 felel\u0151ss\u00e9gi k\u00f6r\u00e9n k\u00edv\u00fcl es\u0151 k\u00fcls\u0151 weboldalakra t\u00f6rt\u00e9n\u0151 k\u00f6zvetlen vagy k\u00f6zvetett hivatkoz\u00e1sok (&quot;linkek&quot;) eset\u00e9n a felel\u0151ss\u00e9gi k\u00f6telezetts\u00e9g csak akkor l\u00e9pne \u00e9rv\u00e9nybe, ha a szerz\u0151 ismerte a tartalmat, \u00e9s ez technikailag lehets\u00e9ges lett volna. \u00e9s \u00e9sszer\u0171 sz\u00e1m\u00e1ra, hogy megakad\u00e1lyozza a felhaszn\u00e1l\u00e1st illeg\u00e1lis tartalom eset\u00e9n.<br>A szerz\u0151 ezennel kifejezetten kijelenti, hogy a linkek l\u00e9trehoz\u00e1sakor a hivatkozott oldalak mentesek voltak illeg\u00e1lis tartalomt\u00f3l. A szerz\u0151nek semmilyen befoly\u00e1sa nincs a linkelt oldalak jelenlegi \u00e9s j\u00f6v\u0151beni kialak\u00edt\u00e1s\u00e1ra \u00e9s tartalm\u00e1ra. Ez\u00e9rt ez\u00faton kifejezetten elhat\u00e1rolja mag\u00e1t minden olyan linkelt oldal minden tartalm\u00e1t\u00f3l, amely a hivatkoz\u00e1s elhelyez\u00e9se ut\u00e1n megv\u00e1ltozott. Ez a nyilatkozat a szerz\u0151 saj\u00e1t webhely\u00e9n tal\u00e1lhat\u00f3 \u00f6sszes hivatkoz\u00e1sra \u00e9s hivatkoz\u00e1sra vonatkozik, valamint a szerz\u0151 \u00e1ltal l\u00e9trehozott vend\u00e9gk\u00f6nyvekben, vitaf\u00f3rumokban \u00e9s levelez\u0151list\u00e1kban harmadik felekt\u0151l sz\u00e1rmaz\u00f3 bejegyz\u00e9sekre. Az illeg\u00e1lis, hib\u00e1s vagy hi\u00e1nyos tartalom\u00e9rt, \u00e9s k\u00fcl\u00f6n\u00f6sen az ilyen inform\u00e1ci\u00f3k felhaszn\u00e1l\u00e1s\u00e1b\u00f3l vagy elmulaszt\u00e1s\u00e1b\u00f3l ered\u0151 k\u00e1rok\u00e9rt kiz\u00e1r\u00f3lag annak az oldalnak a szolg\u00e1ltat\u00f3ja a felel\u0151s, amelyre hivatkoztak, nem pedig az, aki hivatkoz\u00e1sokon kereszt\u00fcl csup\u00e1n hivatkozik az adott kiadv\u00e1nyra. .<\/p>\n\n\n\n<p><strong>3. Szerz\u0151i jog \u00e9s v\u00e9djegyjog<\/strong><\/p>\n\n\n\n<p>A szerz\u0151 t\u00f6rekszik az \u00f6sszes publik\u00e1ci\u00f3ban felhaszn\u00e1lt grafik\u00e1k, hangdokumentumok, videoszekvenci\u00e1k \u00e9s sz\u00f6vegek szerz\u0151i jogainak tiszteletben tart\u00e1s\u00e1ra, saj\u00e1t maga \u00e1ltal k\u00e9sz\u00edtett grafik\u00e1k, hangdokumentumok, videoszekvenci\u00e1k \u00e9s sz\u00f6vegek felhaszn\u00e1l\u00e1s\u00e1ra, illetve licencmentes grafik\u00e1k, hangdokumentumok, videoszekvenci\u00e1k felhaszn\u00e1l\u00e1s\u00e1ra. \u00e9s sz\u00f6vegek.<br>A weboldalon eml\u00edtett \u00e9s harmadik felek \u00e1ltal esetlegesen v\u00e9dett m\u00e1rk\u00e1kra \u00e9s v\u00e9djegyekre korl\u00e1toz\u00e1s n\u00e9lk\u00fcl vonatkoznak a vonatkoz\u00f3 v\u00e9djegyt\u00f6rv\u00e9ny rendelkez\u00e9sei \u00e9s az \u00e9rintett bejegyzett tulajdonosok tulajdonjogai. Egy v\u00e9djegy puszta eml\u00edt\u00e9se nem jelenti azt, hogy azt nem v\u00e9dik harmadik f\u00e9l jogai!<br>A szerz\u0151 \u00e1ltal k\u00e9sz\u00edtett publik\u00e1lt objektumok szerz\u0151i joga kiz\u00e1r\u00f3lag az oldalak szerz\u0151j\u00e9t illeti meg. Az ilyen grafik\u00e1k, hangdokumentumok, videoszekvenci\u00e1k \u00e9s sz\u00f6vegek m\u00e1s elektronikus vagy nyomtatott kiadv\u00e1nyokban val\u00f3 b\u00e1rmilyen sokszoros\u00edt\u00e1sa vagy felhaszn\u00e1l\u00e1sa a szerz\u0151 kifejezett hozz\u00e1j\u00e1rul\u00e1sa n\u00e9lk\u00fcl tilos.<\/p>\n\n\n\n<p><strong>4. Jelen felel\u0151ss\u00e9gkiz\u00e1r\u00e1s jogi \u00e9rv\u00e9nyess\u00e9ge<\/strong><\/p>\n\n\n\n<p>Ez a felel\u0151ss\u00e9g kiz\u00e1r\u00e1sa annak az internetes aj\u00e1nlatnak a r\u00e9sz\u00e9nek tekintend\u0151, amelyb\u0151l erre az oldalra hivatkoztak. Ha a jelen sz\u00f6veg egyes r\u00e9szei vagy egyes megfogalmaz\u00e1sai nem, m\u00e1r nem vagy nem teljesen felelnek meg a hat\u00e1lyos jogi helyzetnek, a dokumentum t\u00f6bbi r\u00e9sze tartalm\u00e1t \u00e9s \u00e9rv\u00e9nyess\u00e9g\u00e9t \u00e9rintetlen\u00fcl hagyja.<\/p>","protected":false},"excerpt":{"rendered":"<p>Impresszum Jogi nyilatkozat 1. az online aj\u00e1nlat tartalma A szerz\u0151 nem v\u00e1llal felel\u0151ss\u00e9get a k\u00f6z\u00f6lt inform\u00e1ci\u00f3k aktualit\u00e1s\u00e1\u00e9rt, helyess\u00e9g\u00e9\u00e9rt, teljess\u00e9g\u00e9\u00e9rt vagy min\u0151s\u00e9g\u00e9\u00e9rt. A szerz\u0151vel szemben fenn\u00e1ll\u00f3, a k\u00f6z\u00f6lt inform\u00e1ci\u00f3k felhaszn\u00e1l\u00e1s\u00e1val vagy nem felhaszn\u00e1l\u00e1s\u00e1val, illetve a helytelen vagy hi\u00e1nyos inform\u00e1ci\u00f3k felhaszn\u00e1l\u00e1s\u00e1val okozott anyagi vagy nem anyagi k\u00e1rral kapcsolatos felel\u0151ss\u00e9gre von\u00e1si ig\u00e9nyek alapvet\u0151en kiz\u00e1rtak.<\/p>","protected":false},"author":1,"featured_media":0,"parent":0,"menu_order":0,"comment_status":"closed","ping_status":"closed","template":"","meta":{"_acf_changed":false,"footnotes":""},"class_list":["post-478","page","type-page","status-publish","hentry"],"acf":[],"_links":{"self":[{"href":"https:\/\/baumaschinen-puntigam.at\/hu\/wp-json\/wp\/v2\/pages\/478","targetHints":{"allow":["GET"]}}],"collection":[{"href":"https:\/\/baumaschinen-puntigam.at\/hu\/wp-json\/wp\/v2\/pages"}],"about":[{"href":"https:\/\/baumaschinen-puntigam.at\/hu\/wp-json\/wp\/v2\/types\/page"}],"author":[{"embeddable":true,"href":"https:\/\/baumaschinen-puntigam.at\/hu\/wp-json\/wp\/v2\/users\/1"}],"replies":[{"embeddable":true,"href":"https:\/\/baumaschinen-puntigam.at\/hu\/wp-json\/wp\/v2\/comments?post=478"}],"version-history":[{"count":0,"href":"https:\/\/baumaschinen-puntigam.at\/hu\/wp-json\/wp\/v2\/pages\/478\/revisions"}],"wp:attachment":[{"href":"https:\/\/baumaschinen-puntigam.at\/hu\/wp-json\/wp\/v2\/media?parent=478"}],"curies":[{"name":"wp","href":"https:\/\/api.w.org\/{rel}","templated":true}]}}